{"id":35,"date":"2019-08-07T11:07:24","date_gmt":"2019-08-07T11:07:24","guid":{"rendered":"https:\/\/lekstop.nl\/?page_id=35"},"modified":"2020-01-24T11:47:42","modified_gmt":"2020-01-24T11:47:42","slug":"lekkage-verhelpen","status":"publish","type":"page","link":"https:\/\/lekstop.nl\/index.php\/lekkage-verhelpen\/","title":{"rendered":"Lekkage repareren"},"content":{"rendered":"<p><div class=\"fusion-fullwidth fullwidth-box fusion-builder-row-1 nonhundred-percent-fullwidth non-hundred-percent-height-scrolling fusion-equal-height-columns\" style=\"--awb-border-radius-top-left:0px;--awb-border-radius-top-right:0px;--awb-border-radius-bottom-right:0px;--awb-border-radius-bottom-left:0px;--awb-flex-wrap:wrap;\" ><div class=\"fusion-builder-row fusion-row\"><div class=\"fusion-layout-column fusion_builder_column fusion-builder-column-0 fusion_builder_column_1_1 1_1 fusion-one-full fusion-column-first fusion-column-last\" style=\"--awb-bg-size:cover;\"><div class=\"fusion-column-wrapper fusion-column-has-shadow fusion-flex-column-wrapper-legacy\"><div class=\"fusion-text fusion-text-1\"><h1>Lekkage repareren<\/h1>\n<p>Als door Lekstop de bron van de lekkage is vastgesteld kan het herstel beginnen. Lekstop handelt snel en effici\u00ebnt en lost het om te beginnen tijdelijk op een provisorische, verantwoorde en effectieve manier op. Denk hierbij bijvoorbeeld aan het plaatsen van een noodstop, het afdoppen van een waterleiding, zodat de lekkage wordt gestopt en de gevolgschade beperkt blijft.<\/p>\n<p>Het kan zijn dat in het vervolgtraject een leiding geheel of gedeeltelijk moet worden vervangen. In niet alle gevallen is hak- en breekwerk te voorkomen. De vakmensen van Lekstop zorgen ervoor dat de lekkage wordt verholpen en ook de herstelwerkzaamheden goed worden uitgevoerd.<\/p>\n<p>De specialisten van Lekstop herstellen de meeste lekkages, indien mogelijk, direct. Het is echter in veel gevallen zo dat dit niet zo simpel is. Vaak moeten tegels en andere vaste materialen eerst verwijderd worden om bij de plek van het lek te kunnen komen.<\/p>\n<blockquote>\n<p>\u2018Laten we voorop stellen dat een lek natuurlijk heel vervelend is. Op herstelwerkzaamheden en reparaties als gevolg van een lekkage zitten de meeste mensen niet te wachten. Lekstop staat voor haar klanten klaar om ze te ontzorgen en niet alleen het lek te traceren en te repareren maar ook de gevolgschade vakkundig te herstellen. Allemaal zo snel en zo goed mogelijk.\u2019<\/p>\n<\/blockquote>\n<p>Klein herstel van de lekkage en omliggende ruimten kunnen door Lekstop worden uitgevoerd. Is er een grotere schade veroorzaakt, waardoor bijvoorbeeld de muren opnieuw gestuukt en \u00a0geverfd moeten worden dan maken we eerst een calculatie van het totale herstel. Laat u dit vervolgens volledig aan ons over dan schakelen we aan ons gelieerde specialistische bedrijven hiervoor in. Lekstop co\u00f6rdineert en u heeft \u00e9\u00e9n aanspreekpunt.<\/p>\n<\/div><div class=\"fusion-text fusion-text-2\"><\/div><div class=\"fusion-clearfix\"><\/div><\/div><\/div><\/div><\/div><div class=\"fusion-fullwidth fullwidth-box fusion-builder-row-2 hundred-percent-fullwidth non-hundred-percent-height-scrolling fusion-equal-height-columns\" style=\"--awb-background-position:left top;--awb-border-radius-top-left:0px;--awb-border-radius-top-right:0px;--awb-border-radius-bottom-right:0px;--awb-border-radius-bottom-left:0px;--awb-padding-top:10px;--awb-padding-bottom:20px;--awb-background-color:#ffffff;--awb-border-sizes-top:0px;--awb-border-sizes-bottom:0px;--awb-flex-wrap:wrap;\" ><div class=\"fusion-builder-row fusion-row\"><div class=\"fusion-layout-column fusion_builder_column fusion-builder-column-1 fusion_builder_column_1_2 1_2 fusion-one-half fusion-column-first fusion-column-inner-bg-wrapper\" style=\"--awb-padding-top:10%;--awb-padding-right:10%;--awb-padding-bottom:13%;--awb-padding-left:10%;--awb-inner-bg-color:#59b6e7;--awb-inner-bg-color-hover:#59b6e7;--awb-inner-bg-size:cover;--awb-border-color:#ffffff;--awb-border-top:4px;--awb-border-right:4px;--awb-border-bottom:4px;--awb-border-left:4px;--awb-border-style:solid;--awb-margin-bottom:0px;\"><span class=\"fusion-column-inner-bg hover-type-none\"><a class=\"fusion-column-anchor\" href=\"https:\/\/lekstop.nl\/index.php\/lekkage-vinden\/\"><span class=\"fusion-column-inner-bg-image\"><\/span><\/a><\/span><div class=\"fusion-column-wrapper fusion-column-has-shadow fusion-flex-column-wrapper-legacy\"><div class=\"fusion-column-content-centered\"><div class=\"fusion-column-content\"><div class=\"fusion-fa-align-center\"><i class=\"fb-icon-element-1 fb-icon-element fontawesome-icon fa-search fas circle-yes\" style=\"--awb-iconcolor:#59b6e7;--awb-iconcolor-hover:#59b6e7;--awb-circlecolor:#ffffff;--awb-circlecolor-hover:#ffffff;--awb-circlebordercolor:#ffffff;--awb-circlebordercolor-hover:#ffffff;--awb-circlebordersize:1px;--awb-font-size:88px;--awb-width:176px;--awb-height:176px;--awb-line-height:174px;\"><\/i><\/div><div class=\"fusion-sep-clear\"><\/div><div class=\"fusion-separator fusion-full-width-sep\" style=\"margin-left: auto;margin-right: auto;margin-top:-10px;width:100%;\"><\/div><div class=\"fusion-sep-clear\"><\/div><div class=\"fusion-text fusion-text-3\"><h4 style=\"text-align: center;\"><span style=\"color: #ffffff;\">LEKKAGE VINDEN<\/span><\/h4>\n<\/div><div class=\"fusion-sep-clear\"><\/div><div class=\"fusion-separator fusion-full-width-sep\" style=\"margin-left: auto;margin-right: auto;margin-top:-10px;width:100%;\"><\/div><div class=\"fusion-sep-clear\"><\/div><div class=\"fusion-text fusion-text-4\"><p style=\"text-align: center;\"><span style=\"color: #ffffff;\">Lekstop hanteert voor elke vorm van lekkage de meest effectieve opsporingsmethode. Ervaren medewerkers, de juiste middelen en apparatuur garanderen dat het lek in korte tijd gevonden wordt.<\/span><\/p>\n<\/div><div class=\"fusion-align-block\"><a class=\"fusion-button button-flat button-large button-custom fusion-button-default button-1 fusion-button-span-yes fusion-button-default-type\" style=\"--button_accent_color:#59b6e7;--button_accent_hover_color:#000000;--button_border_hover_color:#000000;--button_gradient_top_color:#ffffff;--button_gradient_bottom_color:#ffffff;--button_gradient_top_color_hover:#ffffff;--button_gradient_bottom_color_hover:#ffffff;\" target=\"_self\"><span class=\"fusion-button-text\">MEER INFO <\/span><\/a><\/div><\/div><\/div><div class=\"fusion-clearfix\"><\/div><\/div><\/div><div class=\"fusion-layout-column fusion_builder_column fusion-builder-column-2 fusion_builder_column_1_2 1_2 fusion-one-half fusion-column-last fusion-column-inner-bg-wrapper\" style=\"--awb-padding-top:10%;--awb-padding-right:10%;--awb-padding-bottom:13%;--awb-padding-left:10%;--awb-inner-bg-color:#0d8ec5;--awb-inner-bg-color-hover:#0d8ec5;--awb-inner-bg-size:cover;--awb-border-color:#ffffff;--awb-border-top:4px;--awb-border-right:4px;--awb-border-bottom:4px;--awb-border-left:4px;--awb-border-style:solid;--awb-margin-bottom:0px;\"><span class=\"fusion-column-inner-bg hover-type-none\"><a class=\"fusion-column-anchor\" href=\"https:\/\/lekstop.nl\/index.php\/gaskeuringen\/\"><span class=\"fusion-column-inner-bg-image\"><\/span><\/a><\/span><div class=\"fusion-column-wrapper fusion-column-has-shadow fusion-flex-column-wrapper-legacy\"><div class=\"fusion-fa-align-center\"><i class=\"fb-icon-element-2 fb-icon-element fontawesome-icon fa-clipboard-check fas circle-yes\" style=\"--awb-iconcolor:#0d8ec5;--awb-iconcolor-hover:#0d8ec5;--awb-circlecolor:#ffffff;--awb-circlecolor-hover:#ffffff;--awb-circlebordercolor:#ffffff;--awb-circlebordercolor-hover:#ffffff;--awb-circlebordersize:1px;--awb-font-size:88px;--awb-width:176px;--awb-height:176px;--awb-line-height:174px;\"><\/i><\/div><div class=\"fusion-sep-clear\"><\/div><div class=\"fusion-separator fusion-full-width-sep\" style=\"margin-left: auto;margin-right: auto;margin-top:-10px;width:100%;\"><\/div><div class=\"fusion-sep-clear\"><\/div><div class=\"fusion-text fusion-text-5\"><h4 style=\"text-align: center;\"><span style=\"color: #ffffff;\">GASKEURINGEN<\/span><\/h4>\n<\/div><div class=\"fusion-sep-clear\"><\/div><div class=\"fusion-separator fusion-full-width-sep\" style=\"margin-left: auto;margin-right: auto;margin-top:-10px;width:100%;\"><\/div><div class=\"fusion-sep-clear\"><\/div><div class=\"fusion-text fusion-text-6\"><p><span style=\"color: #ffffff;\">Lekstop kan uw gasinstallatie keuren op diverse punten. Met een uitgebreide check en goedkeuring weet u zeker dat deze veilig is en geen zwakke punten kent waardoor eventuele gaslekken kunnen ontstaan.<\/span><\/p>\n<\/div><div class=\"fusion-align-block\"><a class=\"fusion-button button-flat button-large button-custom fusion-button-default button-2 fusion-button-span-yes fusion-button-default-type\" style=\"--button_accent_color:#0d8ec5;--button_accent_hover_color:#000000;--button_border_hover_color:#000000;--button_gradient_top_color:#ffffff;--button_gradient_bottom_color:#ffffff;--button_gradient_top_color_hover:#ffffff;--button_gradient_bottom_color_hover:#ffffff;\" target=\"_self\"><span class=\"fusion-button-text\">MEER INFO <\/span><\/a><\/div><div class=\"fusion-clearfix\"><\/div><\/div><\/div><\/div><\/div><div class=\"fusion-fullwidth fullwidth-box fusion-builder-row-3 nonhundred-percent-fullwidth non-hundred-percent-height-scrolling\" style=\"--awb-border-radius-top-left:0px;--awb-border-radius-top-right:0px;--awb-border-radius-bottom-right:0px;--awb-border-radius-bottom-left:0px;--awb-padding-top:20px;--awb-padding-bottom:20px;--awb-flex-wrap:wrap;\" ><div class=\"fusion-builder-row fusion-row\"><div class=\"fusion-layout-column fusion_builder_column fusion-builder-column-3 fusion_builder_column_1_1 1_1 fusion-one-full fusion-column-first fusion-column-last\" style=\"--awb-bg-size:cover;\"><div class=\"fusion-column-wrapper fusion-column-has-shadow fusion-flex-column-wrapper-legacy\"><div class=\"fusion-align-block\"><a class=\"fusion-button button-flat button-xlarge button-default fusion-button-default button-3 fusion-button-span-yes fusion-button-default-type\" target=\"_self\" href=\"https:\/\/lekstop.nl\/index.php\/contact\/\"><span class=\"fusion-button-text\">Neem contact met ons op klik hier <\/span><\/a><\/div><div class=\"fusion-clearfix\"><\/div><\/div><\/div><\/div><\/div><\/p>\n","protected":false},"excerpt":{"rendered":"","protected":false},"author":1,"featured_media":0,"parent":0,"menu_order":0,"comment_status":"closed","ping_status":"closed","template":"100-width.php","meta":{"footnotes":""},"class_list":["post-35","page","type-page","status-publish","hentry"],"_links":{"self":[{"href":"https:\/\/lekstop.nl\/index.php\/wp-json\/wp\/v2\/pages\/35","targetHints":{"allow":["GET"]}}],"collection":[{"href":"https:\/\/lekstop.nl\/index.php\/wp-json\/wp\/v2\/pages"}],"about":[{"href":"https:\/\/lekstop.nl\/index.php\/wp-json\/wp\/v2\/types\/page"}],"author":[{"embeddable":true,"href":"https:\/\/lekstop.nl\/index.php\/wp-json\/wp\/v2\/users\/1"}],"replies":[{"embeddable":true,"href":"https:\/\/lekstop.nl\/index.php\/wp-json\/wp\/v2\/comments?post=35"}],"version-history":[{"count":26,"href":"https:\/\/lekstop.nl\/index.php\/wp-json\/wp\/v2\/pages\/35\/revisions"}],"predecessor-version":[{"id":320,"href":"https:\/\/lekstop.nl\/index.php\/wp-json\/wp\/v2\/pages\/35\/revisions\/320"}],"wp:attachment":[{"href":"https:\/\/lekstop.nl\/index.php\/wp-json\/wp\/v2\/media?parent=35"}],"curies":[{"name":"wp","href":"https:\/\/api.w.org\/{rel}","templated":true}]}}