{"id":162,"date":"2019-08-11T13:13:08","date_gmt":"2019-08-11T13:13:08","guid":{"rendered":"https:\/\/lekstop.nl\/?page_id=162"},"modified":"2020-01-15T09:46:46","modified_gmt":"2020-01-15T09:46:46","slug":"reconstructie","status":"publish","type":"page","link":"https:\/\/lekstop.nl\/index.php\/reconstructie\/","title":{"rendered":"Reconstructie"},"content":{"rendered":"<p><div class=\"fusion-fullwidth fullwidth-box fusion-builder-row-1 nonhundred-percent-fullwidth non-hundred-percent-height-scrolling fusion-equal-height-columns\" style=\"--awb-border-radius-top-left:0px;--awb-border-radius-top-right:0px;--awb-border-radius-bottom-right:0px;--awb-border-radius-bottom-left:0px;--awb-flex-wrap:wrap;\" ><div class=\"fusion-builder-row fusion-row\"><div class=\"fusion-layout-column fusion_builder_column fusion-builder-column-0 fusion_builder_column_1_1 1_1 fusion-one-full fusion-column-first fusion-column-last\" style=\"--awb-bg-size:cover;\"><div class=\"fusion-column-wrapper fusion-column-has-shadow fusion-flex-column-wrapper-legacy\"><div class=\"fusion-text fusion-text-1\"><h1>Reconstructie<\/h1>\n<p>Door de professionele opsporingsmethoden van Lekstop wordt hak- en breekwerk altijd tot een minimum beperkt. Door bijvoorbeeld niet een hele muur met tegels te verwijderen, maar er \u00e9\u00e9n of enkele voorzichtig weg te kappen. Precies op de plek waar de lekkage zit. Na reparatie worden deze teruggeplaatst en afgevoegd. Als de mensen van Lekstop klaar zijn, ziet u er meestal niets meer van.<\/p>\n<p>Naast repareren is het soms ook nodig, als er veel water is vrijgekomen en opgehoopt zit in muren en vloeren, de ruimte te drogen. Om schimmel te voorkomen is het nodig dit grondig en effici\u00ebnt te doen. Lekstop beschikt hiervoor over de juiste middelen.<\/p>\n<h1>Herstellen vochtschade na een lekkage<\/h1>\n<p>Een van de \u2018problemen\u2019 bij een lekkage is de schade die achterblijft als het lek weer dicht is. Verschillende partijen zoals een schilder, stukadoor, tegelzetter, timmerman, enzovoort moeten samenwerken om tot een goed eindresultaat te komen. Lekstop realiseert zich dat dit vaak problemen met zich meebrengt, als de klant iedereen afzonderlijk moet benaderen, en biedt hiervoor een totaalpakket. Van het inplannen van de werkzaamheden tot aan de volledige administratie. In de praktijk blijkt dat verzekeraars dit vaak ook als een meerwaarde zien. Met name omdat ook zij in dit geval \u00e9\u00e9n aanspreekpunt heeft voor de financi\u00eble afwikkeling.<\/p>\n<blockquote>\n<p>\u2018Wij brengen de offerte uit voor alle werkzaamheden en schakelen vervolgens onze werknemers en partners in. Hiermee heeft de klant \u00e9\u00e9n aanspreekpunt en \u00e9\u00e9n verantwoordelijke voor alle voorkomende werkzaamheden. Dat werkt wel zo makkelijk.\u2019<\/p>\n<\/blockquote>\n<\/div><div class=\"fusion-text fusion-text-2\"><p>Heeft u een lekkage aan uw dak, badkamer, keuken, plafond, vloerverwarming of riolering? Wacht niet te lang en bel Lekstop meteen voor lekdetectie en snelle reparatie. Een lekkage kan in korte tijd veel schade veroorzaken, dus het Lekstop team doet er alles aan om u zo snel mogelijk helpen!<\/p>\n<p>Voordat een lekkage is opgespoord, kan er al veel schade zijn toegebracht aan het interieur. Het kan dan lastig zijn om de bron van de lekkage precies te vinden. Naast onze jaren ervaring in het loodgietersvak gebruikt Lekstop\u2019s team de meest moderne opsporingstechnieken bij lekdetectie om een lekkage zeer snel en nauwkeurig te lokaliseren. Hierdoor beperkt Lekstop de herstelschade tot een minimum.<\/p>\n<\/div><div class=\"fusion-clearfix\"><\/div><\/div><\/div><\/div><\/div><div class=\"fusion-fullwidth fullwidth-box fusion-builder-row-2 hundred-percent-fullwidth non-hundred-percent-height-scrolling fusion-equal-height-columns\" style=\"--awb-background-position:left top;--awb-border-sizes-top:0px;--awb-border-sizes-bottom:0px;--awb-border-sizes-left:0px;--awb-border-sizes-right:0px;--awb-border-radius-top-left:0px;--awb-border-radius-top-right:0px;--awb-border-radius-bottom-right:0px;--awb-border-radius-bottom-left:0px;--awb-padding-top:10px;--awb-padding-bottom:20px;--awb-background-color:#ffffff;--awb-flex-wrap:wrap;\" ><div class=\"fusion-builder-row fusion-row\"><div class=\"fusion-layout-column fusion_builder_column fusion-builder-column-1 fusion_builder_column_1_3 1_3 fusion-one-third fusion-column-first fusion-column-inner-bg-wrapper\" style=\"--awb-padding-top:10%;--awb-padding-right:10%;--awb-padding-bottom:13%;--awb-padding-left:10%;--awb-inner-bg-color:#59b6e7;--awb-inner-bg-color-hover:#59b6e7;--awb-inner-bg-size:cover;--awb-border-color:#ffffff;--awb-border-top:4px;--awb-border-right:4px;--awb-border-bottom:4px;--awb-border-left:4px;--awb-border-style:solid;--awb-margin-bottom:0px;\"><span class=\"fusion-column-inner-bg hover-type-none\"><a class=\"fusion-column-anchor\" href=\"https:\/\/lekstop.nl\/index.php\/lekkage-vinden\/\"><span class=\"fusion-column-inner-bg-image\"><\/span><\/a><\/span><div class=\"fusion-column-wrapper fusion-column-has-shadow fusion-flex-column-wrapper-legacy\"><div class=\"fusion-column-content-centered\"><div class=\"fusion-column-content\"><div class=\"fusion-fa-align-center\"><i class=\"fb-icon-element-1 fb-icon-element fontawesome-icon fa-search fas circle-yes\" style=\"--awb-iconcolor:#59b6e7;--awb-iconcolor-hover:#59b6e7;--awb-circlecolor:#ffffff;--awb-circlecolor-hover:#ffffff;--awb-circlebordercolor:#ffffff;--awb-circlebordercolor-hover:#ffffff;--awb-circlebordersize:1px;--awb-font-size:88px;--awb-width:176px;--awb-height:176px;--awb-line-height:174px;\"><\/i><\/div><div class=\"fusion-sep-clear\"><\/div><div class=\"fusion-separator fusion-full-width-sep\" style=\"margin-left: auto;margin-right: auto;margin-top:-10px;width:100%;\"><\/div><div class=\"fusion-sep-clear\"><\/div><div class=\"fusion-text fusion-text-3\"><h4 style=\"text-align: center;\"><span style=\"color: #ffffff;\">LEKKAGE VINDEN<\/span><\/h4>\n<\/div><div class=\"fusion-sep-clear\"><\/div><div class=\"fusion-separator fusion-full-width-sep\" style=\"margin-left: auto;margin-right: auto;margin-top:-10px;width:100%;\"><\/div><div class=\"fusion-sep-clear\"><\/div><div class=\"fusion-text fusion-text-4\"><p style=\"text-align: center;\"><span style=\"color: #ffffff;\">Lekstop hanteert voor elke vorm van lekkage de meest effectieve opsporingsmethode. Ervaren medewerkers, de juiste middelen en apparatuur garanderen dat het lek in korte tijd gevonden wordt.<\/span><\/p>\n<\/div><div class=\"fusion-align-block\"><a class=\"fusion-button button-flat button-large button-custom fusion-button-default button-1 fusion-button-span-yes fusion-button-default-type\" style=\"--button_accent_color:#59b6e7;--button_border_color:#59b6e7;--button_accent_hover_color:#000000;--button_border_hover_color:#000000;--button_gradient_top_color:#ffffff;--button_gradient_bottom_color:#ffffff;--button_gradient_top_color_hover:#ffffff;--button_gradient_bottom_color_hover:#ffffff;\" target=\"_self\"><span class=\"fusion-button-text\">MEER INFO <\/span><\/a><\/div><\/div><\/div><div class=\"fusion-clearfix\"><\/div><\/div><\/div><div class=\"fusion-layout-column fusion_builder_column fusion-builder-column-2 fusion_builder_column_1_3 1_3 fusion-one-third fusion-column-inner-bg-wrapper\" style=\"--awb-padding-top:10%;--awb-padding-right:10%;--awb-padding-bottom:13%;--awb-padding-left:10%;--awb-inner-bg-color:#64cbe2;--awb-inner-bg-color-hover:#64cbe2;--awb-inner-bg-size:cover;--awb-border-color:#ffffff;--awb-border-top:4px;--awb-border-right:4px;--awb-border-bottom:4px;--awb-border-left:4px;--awb-border-style:solid;--awb-margin-bottom:0px;\"><span class=\"fusion-column-inner-bg hover-type-none\"><a class=\"fusion-column-anchor\" href=\"https:\/\/lekstop.nl\/index.php\/lekkage-verhelpen\/\"><span class=\"fusion-column-inner-bg-image\"><\/span><\/a><\/span><div class=\"fusion-column-wrapper fusion-column-has-shadow fusion-flex-column-wrapper-legacy\"><div class=\"fusion-fa-align-center\"><i class=\"fb-icon-element-2 fb-icon-element fontawesome-icon fa-tools fas circle-yes\" style=\"--awb-iconcolor:#64cbe2;--awb-iconcolor-hover:#64cbe2;--awb-circlecolor:#ffffff;--awb-circlecolor-hover:#ffffff;--awb-circlebordercolor:#ffffff;--awb-circlebordercolor-hover:#ffffff;--awb-circlebordersize:1px;--awb-font-size:88px;--awb-width:176px;--awb-height:176px;--awb-line-height:174px;\"><\/i><\/div><div class=\"fusion-sep-clear\"><\/div><div class=\"fusion-separator fusion-full-width-sep\" style=\"margin-left: auto;margin-right: auto;margin-top:-10px;width:100%;\"><\/div><div class=\"fusion-sep-clear\"><\/div><div class=\"fusion-text fusion-text-5\"><h4 style=\"text-align: center;\"><span style=\"color: #ffffff;\">LEKKAGE VERHELPEN<\/span><\/h4>\n<\/div><div class=\"fusion-sep-clear\"><\/div><div class=\"fusion-separator fusion-full-width-sep\" style=\"margin-left: auto;margin-right: auto;margin-top:-10px;width:100%;\"><\/div><div class=\"fusion-sep-clear\"><\/div><div class=\"fusion-text fusion-text-6\"><p style=\"text-align: center;\"><span style=\"color: #ffffff;\">Lekstop biedt u een vrijblijvend en compleet pakket voor het voorkomen, vinden en verhelpen van lekkages. We voeren werkzaamheden uit in eigen beheer of werken met ervaren partners.<\/span><\/p>\n<\/div><div class=\"fusion-align-block\"><a class=\"fusion-button button-flat button-large button-custom fusion-button-default button-2 fusion-button-span-yes fusion-button-default-type\" style=\"--button_accent_color:#64cbe2;--button_border_color:#64cbe2;--button_accent_hover_color:#000000;--button_border_hover_color:#000000;--button_gradient_top_color:#ffffff;--button_gradient_bottom_color:#ffffff;--button_gradient_top_color_hover:#ffffff;--button_gradient_bottom_color_hover:#ffffff;\" target=\"_self\"><span class=\"fusion-button-text\">MEER INFO <\/span><\/a><\/div><div class=\"fusion-clearfix\"><\/div><\/div><\/div><div class=\"fusion-layout-column fusion_builder_column fusion-builder-column-3 fusion_builder_column_1_3 1_3 fusion-one-third fusion-column-last fusion-column-inner-bg-wrapper\" style=\"--awb-padding-top:10%;--awb-padding-right:10%;--awb-padding-bottom:13%;--awb-padding-left:10%;--awb-inner-bg-color:#0d8ec5;--awb-inner-bg-color-hover:#0d8ec5;--awb-inner-bg-size:cover;--awb-border-color:#ffffff;--awb-border-top:4px;--awb-border-right:4px;--awb-border-bottom:4px;--awb-border-left:4px;--awb-border-style:solid;--awb-margin-bottom:0px;\"><span class=\"fusion-column-inner-bg hover-type-none\"><a class=\"fusion-column-anchor\" href=\"https:\/\/lekstop.nl\/index.php\/gaskeuringen\/\"><span class=\"fusion-column-inner-bg-image\"><\/span><\/a><\/span><div class=\"fusion-column-wrapper fusion-column-has-shadow fusion-flex-column-wrapper-legacy\"><div class=\"fusion-fa-align-center\"><i class=\"fb-icon-element-3 fb-icon-element fontawesome-icon fa-clipboard-check fas circle-yes\" style=\"--awb-iconcolor:#0d8ec5;--awb-iconcolor-hover:#0d8ec5;--awb-circlecolor:#ffffff;--awb-circlecolor-hover:#ffffff;--awb-circlebordercolor:#ffffff;--awb-circlebordercolor-hover:#ffffff;--awb-circlebordersize:1px;--awb-font-size:88px;--awb-width:176px;--awb-height:176px;--awb-line-height:174px;\"><\/i><\/div><div class=\"fusion-sep-clear\"><\/div><div class=\"fusion-separator fusion-full-width-sep\" style=\"margin-left: auto;margin-right: auto;margin-top:-10px;width:100%;\"><\/div><div class=\"fusion-sep-clear\"><\/div><div class=\"fusion-text fusion-text-7\"><h4 style=\"text-align: center;\"><span style=\"color: #ffffff;\">GASKEURINGEN<\/span><\/h4>\n<\/div><div class=\"fusion-sep-clear\"><\/div><div class=\"fusion-separator fusion-full-width-sep\" style=\"margin-left: auto;margin-right: auto;margin-top:-10px;width:100%;\"><\/div><div class=\"fusion-sep-clear\"><\/div><div class=\"fusion-text fusion-text-8\"><p><span style=\"color: #ffffff;\">Lekstop kan uw gasinstallatie keuren op diverse punten. Met een uitgebreide check en goedkeuring weet u zeker dat deze veilig is en geen zwakke punten kent waardoor eventuele gaslekken kunnen ontstaan.<\/span><\/p>\n<\/div><div class=\"fusion-align-block\"><a class=\"fusion-button button-flat button-large button-custom fusion-button-default button-3 fusion-button-span-yes fusion-button-default-type\" style=\"--button_accent_color:#0d8ec5;--button_border_color:#0d8ec5;--button_accent_hover_color:#000000;--button_border_hover_color:#000000;--button_gradient_top_color:#ffffff;--button_gradient_bottom_color:#ffffff;--button_gradient_top_color_hover:#ffffff;--button_gradient_bottom_color_hover:#ffffff;\" target=\"_self\"><span class=\"fusion-button-text\">MEER INFO <\/span><\/a><\/div><div class=\"fusion-clearfix\"><\/div><\/div><\/div><\/div><\/div>\n<div class=\"fusion-fullwidth fullwidth-box fusion-builder-row-3 nonhundred-percent-fullwidth non-hundred-percent-height-scrolling fusion-equal-height-columns\" style=\"--awb-border-radius-top-left:0px;--awb-border-radius-top-right:0px;--awb-border-radius-bottom-right:0px;--awb-border-radius-bottom-left:0px;--awb-flex-wrap:wrap;\" ><div class=\"fusion-builder-row fusion-row\"><div class=\"fusion-layout-column fusion_builder_column fusion-builder-column-4 fusion_builder_column_1_1 1_1 fusion-one-full fusion-column-first fusion-column-last\" style=\"--awb-bg-size:cover;\"><div class=\"fusion-column-wrapper fusion-column-has-shadow fusion-flex-column-wrapper-legacy\"><div class=\"fusion-text fusion-text-9\"><p>Een lekkage hoeft niet veel geld te kosten. Sterker nog, veel opstalverzekeringen vergoeden de meeste lekkages. Verzekeraars zijn echter voorstanders van een gespecialiseerd lekkagebedrijf, schakel daarom Lekstop in. Onze lekdetectie en reparatie technieken vereisen namelijk zelden sloopwerk. Kosten van lekdetectie worden in 90% van de gevallen vergoed door uw verzekering.\u00a0Als dit het geval is zult u dit zelf moeten verhalen bij uw verzekering.<\/p>\n<\/div><div class=\"fusion-clearfix\"><\/div><\/div><\/div><div class=\"fusion-layout-column fusion_builder_column fusion-builder-column-5 fusion_builder_column_1_3 1_3 fusion-one-third fusion-column-first\" style=\"--awb-bg-size:cover;width:33.333333333333%;width:calc(33.333333333333% - ( ( 4% + 4% ) * 0.33333333333333 ) );margin-right: 4%;\"><div class=\"fusion-column-wrapper fusion-column-has-shadow fusion-flex-column-wrapper-legacy\"><ul style=\"--awb-size:16px;--awb-line-height:27.2px;--awb-icon-width:27.2px;--awb-icon-height:27.2px;--awb-icon-margin:11.2px;--awb-content-margin:38.4px;--awb-circlecolor:#59b6e7;--awb-circle-yes-font-size:14.08px;\" class=\"fusion-checklist fusion-checklist-1 fusion-checklist-default type-icons\"><li class=\"fusion-li-item\" style=\"\"><span class=\"icon-wrapper circle-yes\"><i class=\"fusion-li-icon fa-arrow-circle-right fas\" aria-hidden=\"true\"><\/i><\/span><div class=\"fusion-li-item-content\">\n<p>Specialist in lekkage opsporen en lekdetectie<\/p>\n<\/div><\/li><\/ul><div class=\"fusion-clearfix\"><\/div><\/div><\/div><div class=\"fusion-layout-column fusion_builder_column fusion-builder-column-6 fusion_builder_column_1_3 1_3 fusion-one-third\" style=\"--awb-bg-size:cover;width:33.333333333333%;width:calc(33.333333333333% - ( ( 4% + 4% ) * 0.33333333333333 ) );margin-right: 4%;\"><div class=\"fusion-column-wrapper fusion-column-has-shadow fusion-flex-column-wrapper-legacy\"><ul style=\"--awb-size:16px;--awb-line-height:27.2px;--awb-icon-width:27.2px;--awb-icon-height:27.2px;--awb-icon-margin:11.2px;--awb-content-margin:38.4px;--awb-circlecolor:#64cbe2;--awb-circle-yes-font-size:14.08px;\" class=\"fusion-checklist fusion-checklist-2 fusion-checklist-default type-icons\"><li class=\"fusion-li-item\" style=\"\"><span class=\"icon-wrapper circle-yes\"><i class=\"fusion-li-icon fa-arrow-circle-right fas\" aria-hidden=\"true\"><\/i><\/span><div class=\"fusion-li-item-content\">\n<p>Snel en vakkundig gerepareerd<\/p>\n<\/div><\/li><\/ul><div class=\"fusion-clearfix\"><\/div><\/div><\/div><div class=\"fusion-layout-column fusion_builder_column fusion-builder-column-7 fusion_builder_column_1_3 1_3 fusion-one-third fusion-column-last\" style=\"--awb-bg-size:cover;width:33.333333333333%;width:calc(33.333333333333% - ( ( 4% + 4% ) * 0.33333333333333 ) );\"><div class=\"fusion-column-wrapper fusion-column-has-shadow fusion-flex-column-wrapper-legacy\"><ul style=\"--awb-size:16px;--awb-line-height:27.2px;--awb-icon-width:27.2px;--awb-icon-height:27.2px;--awb-icon-margin:11.2px;--awb-content-margin:38.4px;--awb-circlecolor:#0d8ec5;--awb-circle-yes-font-size:14.08px;\" class=\"fusion-checklist fusion-checklist-3 fusion-checklist-default type-icons\"><li class=\"fusion-li-item\" style=\"\"><span class=\"icon-wrapper circle-yes\"><i class=\"fusion-li-icon fa-arrow-circle-right fas\" aria-hidden=\"true\"><\/i><\/span><div class=\"fusion-li-item-content\">\n<p>Geen onnodig hak- en breekwerk<\/p>\n<\/div><\/li><\/ul><div class=\"fusion-clearfix\"><\/div><\/div><\/div><\/div><\/div><div class=\"fusion-fullwidth fullwidth-box fusion-builder-row-4 hundred-percent-fullwidth non-hundred-percent-height-scrolling\" style=\"--awb-border-radius-top-left:0px;--awb-border-radius-top-right:0px;--awb-border-radius-bottom-right:0px;--awb-border-radius-bottom-left:0px;--awb-flex-wrap:wrap;\" ><div class=\"fusion-builder-row fusion-row\"><div class=\"fusion-layout-column fusion_builder_column fusion-builder-column-8 fusion_builder_column_1_1 1_1 fusion-one-full fusion-column-first fusion-column-last\" style=\"--awb-bg-size:cover;\"><div class=\"fusion-column-wrapper fusion-column-has-shadow fusion-flex-column-wrapper-legacy\"><div class=\"fusion-align-block\"><a class=\"fusion-button button-flat button-xlarge button-default fusion-button-default button-4 fusion-button-span-yes fusion-button-default-type\" target=\"_self\" href=\"https:\/\/lekstop.nl\/index.php\/contact\/\"><span class=\"fusion-button-text\">Neem contact met ons op klik hier <\/span><\/a><\/div><div class=\"fusion-clearfix\"><\/div><\/div><\/div><\/div><\/div><\/p>\n","protected":false},"excerpt":{"rendered":"","protected":false},"author":2,"featured_media":0,"parent":0,"menu_order":0,"comment_status":"closed","ping_status":"closed","template":"100-width.php","meta":{"footnotes":""},"class_list":["post-162","page","type-page","status-publish","hentry"],"_links":{"self":[{"href":"https:\/\/lekstop.nl\/index.php\/wp-json\/wp\/v2\/pages\/162","targetHints":{"allow":["GET"]}}],"collection":[{"href":"https:\/\/lekstop.nl\/index.php\/wp-json\/wp\/v2\/pages"}],"about":[{"href":"https:\/\/lekstop.nl\/index.php\/wp-json\/wp\/v2\/types\/page"}],"author":[{"embeddable":true,"href":"https:\/\/lekstop.nl\/index.php\/wp-json\/wp\/v2\/users\/2"}],"replies":[{"embeddable":true,"href":"https:\/\/lekstop.nl\/index.php\/wp-json\/wp\/v2\/comments?post=162"}],"version-history":[{"count":12,"href":"https:\/\/lekstop.nl\/index.php\/wp-json\/wp\/v2\/pages\/162\/revisions"}],"predecessor-version":[{"id":308,"href":"https:\/\/lekstop.nl\/index.php\/wp-json\/wp\/v2\/pages\/162\/revisions\/308"}],"wp:attachment":[{"href":"https:\/\/lekstop.nl\/index.php\/wp-json\/wp\/v2\/media?parent=162"}],"curies":[{"name":"wp","href":"https:\/\/api.w.org\/{rel}","templated":true}]}}